{"id":798,"date":"2021-11-05T20:00:47","date_gmt":"2021-11-05T23:00:47","guid":{"rendered":"https:\/\/marinamartinho.com.br\/loja\/?post_type=product&#038;p=798"},"modified":"2024-02-09T09:21:45","modified_gmt":"2024-02-09T12:21:45","slug":"mapa-auricular-orelhao","status":"publish","type":"product","link":"https:\/\/marinamartinho.com.br\/loja\/produto\/mapa-auricular-orelhao\/","title":{"rendered":"Mapa Auricular &#8220;orelh\u00e3o&#8221;"},"content":{"rendered":"<p>Sistema Huang Li Chun, Formato fechado 20 x 30 cm, formato aberto 40 x 30 cm, frente e dorso, papel couch\u00ea 300g, lamina\u00e7\u00e3o fosca; localiza\u00e7\u00e3o e dire\u00e7\u00e3o dos pontos, representa\u00e7\u00e3o anat\u00f4mica, sugest\u00e3o de protocolos, legenda dividida por cor.<\/p>\n","protected":false},"excerpt":{"rendered":"<p>Sistema Huang Li Chun, Formato fechado 20 x 30 cm, formato aberto 40 x 30 cm, frente e dorso, papel couch\u00ea 300g, lamina\u00e7\u00e3o fosca; localiza\u00e7\u00e3o e dire\u00e7\u00e3o dos pontos, representa\u00e7\u00e3o anat\u00f4mica, sugest\u00e3o de protocolos, legenda dividida por cor.<\/p>\n","protected":false},"featured_media":790,"comment_status":"open","ping_status":"closed","template":"","meta":[],"product_brand":[],"product_cat":[15],"product_tag":[],"class_list":{"0":"post-798","1":"product","2":"type-product","3":"status-publish","6":"product_cat-auriculoterapia-chinesa","8":"first","9":"instock","10":"sale","11":"taxable","12":"shipping-taxable","13":"purchasable","14":"product-type-simple"},"yoast_head":"<!-- This site is optimized with the Yoast SEO plugin v26.9 - https:\/\/yoast.com\/product\/yoast-seo-wordpress\/ -->\n<title>Mapa Auricular &quot;orelh\u00e3o&quot; - Loja Virtual<\/title>\n<meta name=\"robots\" content=\"index, follow, max-snippet:-1, max-image-preview:large, max-video-preview:-1\" \/>\n<link rel=\"canonical\" href=\"https:\/\/marinamartinho.com.br\/loja\/produto\/mapa-auricular-orelhao\/\" \/>\n<meta property=\"og:locale\" content=\"pt_BR\" \/>\n<meta property=\"og:type\" content=\"article\" \/>\n<meta property=\"og:title\" content=\"Mapa Auricular &quot;orelh\u00e3o&quot; - Loja Virtual\" \/>\n<meta property=\"og:description\" content=\"Sistema Huang Li Chun, Formato fechado 20 x 30 cm, formato aberto 40 x 30 cm, frente e dorso, papel couch\u00ea 300g, lamina\u00e7\u00e3o fosca; localiza\u00e7\u00e3o e dire\u00e7\u00e3o dos pontos, representa\u00e7\u00e3o anat\u00f4mica, sugest\u00e3o de protocolos, legenda dividida por cor.\" \/>\n<meta property=\"og:url\" content=\"https:\/\/marinamartinho.com.br\/loja\/produto\/mapa-auricular-orelhao\/\" \/>\n<meta property=\"og:site_name\" content=\"Loja Virtual\" \/>\n<meta property=\"article:modified_time\" content=\"2024-02-09T12:21:45+00:00\" \/>\n<meta property=\"og:image\" content=\"https:\/\/marinamartinho.com.br\/loja\/wp-content\/uploads\/2021\/10\/ref-001A.jpg\" \/>\n\t<meta property=\"og:image:width\" content=\"2482\" \/>\n\t<meta property=\"og:image:height\" content=\"2482\" \/>\n\t<meta property=\"og:image:type\" content=\"image\/jpeg\" \/>\n<meta name=\"twitter:card\" content=\"summary_large_image\" \/>\n<script type=\"application\/ld+json\" class=\"yoast-schema-graph\">{\"@context\":\"https:\/\/schema.org\",\"@graph\":[{\"@type\":\"WebPage\",\"@id\":\"https:\/\/marinamartinho.com.br\/loja\/produto\/mapa-auricular-orelhao\/\",\"url\":\"https:\/\/marinamartinho.com.br\/loja\/produto\/mapa-auricular-orelhao\/\",\"name\":\"Mapa Auricular \\\"orelh\u00e3o\\\" - Loja Virtual\",\"isPartOf\":{\"@id\":\"https:\/\/marinamartinho.com.br\/loja\/#website\"},\"primaryImageOfPage\":{\"@id\":\"https:\/\/marinamartinho.com.br\/loja\/produto\/mapa-auricular-orelhao\/#primaryimage\"},\"image\":{\"@id\":\"https:\/\/marinamartinho.com.br\/loja\/produto\/mapa-auricular-orelhao\/#primaryimage\"},\"thumbnailUrl\":\"https:\/\/marinamartinho.com.br\/loja\/wp-content\/uploads\/2021\/10\/ref-001A.jpg\",\"datePublished\":\"2021-11-05T23:00:47+00:00\",\"dateModified\":\"2024-02-09T12:21:45+00:00\",\"breadcrumb\":{\"@id\":\"https:\/\/marinamartinho.com.br\/loja\/produto\/mapa-auricular-orelhao\/#breadcrumb\"},\"inLanguage\":\"pt-BR\",\"potentialAction\":[{\"@type\":\"ReadAction\",\"target\":[\"https:\/\/marinamartinho.com.br\/loja\/produto\/mapa-auricular-orelhao\/\"]}]},{\"@type\":\"ImageObject\",\"inLanguage\":\"pt-BR\",\"@id\":\"https:\/\/marinamartinho.com.br\/loja\/produto\/mapa-auricular-orelhao\/#primaryimage\",\"url\":\"https:\/\/marinamartinho.com.br\/loja\/wp-content\/uploads\/2021\/10\/ref-001A.jpg\",\"contentUrl\":\"https:\/\/marinamartinho.com.br\/loja\/wp-content\/uploads\/2021\/10\/ref-001A.jpg\",\"width\":2482,\"height\":2482,\"caption\":\"Auriculoterapia chinesa\"},{\"@type\":\"BreadcrumbList\",\"@id\":\"https:\/\/marinamartinho.com.br\/loja\/produto\/mapa-auricular-orelhao\/#breadcrumb\",\"itemListElement\":[{\"@type\":\"ListItem\",\"position\":1,\"name\":\"In\u00edcio\",\"item\":\"https:\/\/marinamartinho.com.br\/loja\/\"},{\"@type\":\"ListItem\",\"position\":2,\"name\":\"Loja de Produtos\",\"item\":\"https:\/\/marinamartinho.com.br\/loja\/\"},{\"@type\":\"ListItem\",\"position\":3,\"name\":\"Mapa Auricular &#8220;orelh\u00e3o&#8221;\"}]},{\"@type\":\"WebSite\",\"@id\":\"https:\/\/marinamartinho.com.br\/loja\/#website\",\"url\":\"https:\/\/marinamartinho.com.br\/loja\/\",\"name\":\"Loja Virtual\",\"description\":\"Materiais para Atendimento Terap\u00eautico Pedi\u00e1trico\",\"publisher\":{\"@id\":\"https:\/\/marinamartinho.com.br\/loja\/#organization\"},\"potentialAction\":[{\"@type\":\"SearchAction\",\"target\":{\"@type\":\"EntryPoint\",\"urlTemplate\":\"https:\/\/marinamartinho.com.br\/loja\/?s={search_term_string}\"},\"query-input\":{\"@type\":\"PropertyValueSpecification\",\"valueRequired\":true,\"valueName\":\"search_term_string\"}}],\"inLanguage\":\"pt-BR\"},{\"@type\":\"Organization\",\"@id\":\"https:\/\/marinamartinho.com.br\/loja\/#organization\",\"name\":\"Loja Virtual\",\"url\":\"https:\/\/marinamartinho.com.br\/loja\/\",\"logo\":{\"@type\":\"ImageObject\",\"inLanguage\":\"pt-BR\",\"@id\":\"https:\/\/marinamartinho.com.br\/loja\/#\/schema\/logo\/image\/\",\"url\":\"https:\/\/marinamartinho.com.br\/loja\/wp-content\/uploads\/2021\/10\/Logotipo-150px.png\",\"contentUrl\":\"https:\/\/marinamartinho.com.br\/loja\/wp-content\/uploads\/2021\/10\/Logotipo-150px.png\",\"width\":150,\"height\":117,\"caption\":\"Loja Virtual\"},\"image\":{\"@id\":\"https:\/\/marinamartinho.com.br\/loja\/#\/schema\/logo\/image\/\"}}]}<\/script>\n<!-- \/ Yoast SEO plugin. -->","yoast_head_json":{"title":"Mapa Auricular \"orelh\u00e3o\" - Loja Virtual","robots":{"index":"index","follow":"follow","max-snippet":"max-snippet:-1","max-image-preview":"max-image-preview:large","max-video-preview":"max-video-preview:-1"},"canonical":"https:\/\/marinamartinho.com.br\/loja\/produto\/mapa-auricular-orelhao\/","og_locale":"pt_BR","og_type":"article","og_title":"Mapa Auricular \"orelh\u00e3o\" - Loja Virtual","og_description":"Sistema Huang Li Chun, Formato fechado 20 x 30 cm, formato aberto 40 x 30 cm, frente e dorso, papel couch\u00ea 300g, lamina\u00e7\u00e3o fosca; localiza\u00e7\u00e3o e dire\u00e7\u00e3o dos pontos, representa\u00e7\u00e3o anat\u00f4mica, sugest\u00e3o de protocolos, legenda dividida por cor.","og_url":"https:\/\/marinamartinho.com.br\/loja\/produto\/mapa-auricular-orelhao\/","og_site_name":"Loja Virtual","article_modified_time":"2024-02-09T12:21:45+00:00","og_image":[{"width":2482,"height":2482,"url":"https:\/\/marinamartinho.com.br\/loja\/wp-content\/uploads\/2021\/10\/ref-001A.jpg","type":"image\/jpeg"}],"twitter_card":"summary_large_image","schema":{"@context":"https:\/\/schema.org","@graph":[{"@type":"WebPage","@id":"https:\/\/marinamartinho.com.br\/loja\/produto\/mapa-auricular-orelhao\/","url":"https:\/\/marinamartinho.com.br\/loja\/produto\/mapa-auricular-orelhao\/","name":"Mapa Auricular \"orelh\u00e3o\" - Loja Virtual","isPartOf":{"@id":"https:\/\/marinamartinho.com.br\/loja\/#website"},"primaryImageOfPage":{"@id":"https:\/\/marinamartinho.com.br\/loja\/produto\/mapa-auricular-orelhao\/#primaryimage"},"image":{"@id":"https:\/\/marinamartinho.com.br\/loja\/produto\/mapa-auricular-orelhao\/#primaryimage"},"thumbnailUrl":"https:\/\/marinamartinho.com.br\/loja\/wp-content\/uploads\/2021\/10\/ref-001A.jpg","datePublished":"2021-11-05T23:00:47+00:00","dateModified":"2024-02-09T12:21:45+00:00","breadcrumb":{"@id":"https:\/\/marinamartinho.com.br\/loja\/produto\/mapa-auricular-orelhao\/#breadcrumb"},"inLanguage":"pt-BR","potentialAction":[{"@type":"ReadAction","target":["https:\/\/marinamartinho.com.br\/loja\/produto\/mapa-auricular-orelhao\/"]}]},{"@type":"ImageObject","inLanguage":"pt-BR","@id":"https:\/\/marinamartinho.com.br\/loja\/produto\/mapa-auricular-orelhao\/#primaryimage","url":"https:\/\/marinamartinho.com.br\/loja\/wp-content\/uploads\/2021\/10\/ref-001A.jpg","contentUrl":"https:\/\/marinamartinho.com.br\/loja\/wp-content\/uploads\/2021\/10\/ref-001A.jpg","width":2482,"height":2482,"caption":"Auriculoterapia chinesa"},{"@type":"BreadcrumbList","@id":"https:\/\/marinamartinho.com.br\/loja\/produto\/mapa-auricular-orelhao\/#breadcrumb","itemListElement":[{"@type":"ListItem","position":1,"name":"In\u00edcio","item":"https:\/\/marinamartinho.com.br\/loja\/"},{"@type":"ListItem","position":2,"name":"Loja de Produtos","item":"https:\/\/marinamartinho.com.br\/loja\/"},{"@type":"ListItem","position":3,"name":"Mapa Auricular &#8220;orelh\u00e3o&#8221;"}]},{"@type":"WebSite","@id":"https:\/\/marinamartinho.com.br\/loja\/#website","url":"https:\/\/marinamartinho.com.br\/loja\/","name":"Loja Virtual","description":"Materiais para Atendimento Terap\u00eautico Pedi\u00e1trico","publisher":{"@id":"https:\/\/marinamartinho.com.br\/loja\/#organization"},"potentialAction":[{"@type":"SearchAction","target":{"@type":"EntryPoint","urlTemplate":"https:\/\/marinamartinho.com.br\/loja\/?s={search_term_string}"},"query-input":{"@type":"PropertyValueSpecification","valueRequired":true,"valueName":"search_term_string"}}],"inLanguage":"pt-BR"},{"@type":"Organization","@id":"https:\/\/marinamartinho.com.br\/loja\/#organization","name":"Loja Virtual","url":"https:\/\/marinamartinho.com.br\/loja\/","logo":{"@type":"ImageObject","inLanguage":"pt-BR","@id":"https:\/\/marinamartinho.com.br\/loja\/#\/schema\/logo\/image\/","url":"https:\/\/marinamartinho.com.br\/loja\/wp-content\/uploads\/2021\/10\/Logotipo-150px.png","contentUrl":"https:\/\/marinamartinho.com.br\/loja\/wp-content\/uploads\/2021\/10\/Logotipo-150px.png","width":150,"height":117,"caption":"Loja Virtual"},"image":{"@id":"https:\/\/marinamartinho.com.br\/loja\/#\/schema\/logo\/image\/"}}]}},"_links":{"self":[{"href":"https:\/\/marinamartinho.com.br\/loja\/wp-json\/wp\/v2\/product\/798","targetHints":{"allow":["GET"]}}],"collection":[{"href":"https:\/\/marinamartinho.com.br\/loja\/wp-json\/wp\/v2\/product"}],"about":[{"href":"https:\/\/marinamartinho.com.br\/loja\/wp-json\/wp\/v2\/types\/product"}],"replies":[{"embeddable":true,"href":"https:\/\/marinamartinho.com.br\/loja\/wp-json\/wp\/v2\/comments?post=798"}],"wp:featuredmedia":[{"embeddable":true,"href":"https:\/\/marinamartinho.com.br\/loja\/wp-json\/wp\/v2\/media\/790"}],"wp:attachment":[{"href":"https:\/\/marinamartinho.com.br\/loja\/wp-json\/wp\/v2\/media?parent=798"}],"wp:term":[{"taxonomy":"product_brand","embeddable":true,"href":"https:\/\/marinamartinho.com.br\/loja\/wp-json\/wp\/v2\/product_brand?post=798"},{"taxonomy":"product_cat","embeddable":true,"href":"https:\/\/marinamartinho.com.br\/loja\/wp-json\/wp\/v2\/product_cat?post=798"},{"taxonomy":"product_tag","embeddable":true,"href":"https:\/\/marinamartinho.com.br\/loja\/wp-json\/wp\/v2\/product_tag?post=798"}],"curies":[{"name":"wp","href":"https:\/\/api.w.org\/{rel}","templated":true}]}}